{"id":93,"date":"2020-10-01T11:28:37","date_gmt":"2020-10-01T09:28:37","guid":{"rendered":"http:\/\/www.bm3c2.fr\/?page_id=93"},"modified":"2020-11-14T10:57:46","modified_gmt":"2020-11-14T09:57:46","slug":"economie-circulaire","status":"publish","type":"page","link":"https:\/\/www.bm3c2.fr\/index.php\/economie-circulaire\/","title":{"rendered":"L&#8217;\u00e9conomie circulaire"},"content":{"rendered":"<p>[et_pb_section fb_built=&#8221;1&#8243; _builder_version=&#8221;4.6.2&#8243; custom_padding=&#8221;62px|||||&#8221;][et_pb_row _builder_version=&#8221;3.29.3&#8243;][et_pb_column type=&#8221;4_4&#8243; _builder_version=&#8221;3.29.3&#8243;][et_pb_text _builder_version=&#8221;3.29.3&#8243; header_font=&#8221;Boogaloo||||||||&#8221; header_text_color=&#8221;#bc1900&#8243; header_font_size=&#8221;40px&#8221; header_2_font=&#8221;Boogaloo||||||||&#8221; header_2_text_color=&#8221;#002342&#8243; header_2_font_size=&#8221;32px&#8221; header_3_font=&#8221;Boogaloo||||||||&#8221; header_3_text_color=&#8221;#bc1900&#8243; header_3_font_size=&#8221;29px&#8221;]<\/p>\n<h1 style=\"text-align: center;\">Qu&#8217;est-ce que l&#8217;\u00e9conomie circulaire ?<\/h1>\n<p>[\/et_pb_text][\/et_pb_column][\/et_pb_row][et_pb_row _builder_version=&#8221;3.29.3&#8243; custom_padding=&#8221;17px|||||&#8221;][et_pb_column type=&#8221;4_4&#8243; _builder_version=&#8221;3.29.3&#8243;][et_pb_testimonial author=&#8221;Loi du 17 ao\u00fbt 2015 relative \u00e0 la transition \u00e9nerg\u00e9tique pour la croissance verte&#8221; portrait_url=&#8221;https:\/\/www.bm3c2.fr\/bm3c2\/wp-content\/uploads\/2020\/10\/definition.png&#8221; quote_icon_color=&#8221;#e07366&#8243; quote_icon_background_color=&#8221;#ffffff&#8221; portrait_width=&#8221;113px&#8221; portrait_height=&#8221;91px&#8221; _builder_version=&#8221;4.6.6&#8243; body_font=&#8221;|600|||||||&#8221; body_text_color=&#8221;#ffffff&#8221; body_font_size=&#8221;16px&#8221; author_font=&#8221;||||||||&#8221; author_text_align=&#8221;right&#8221; background_color=&#8221;#002342&#8243; custom_margin=&#8221;||48px|3px||&#8221; custom_padding=&#8221;60px||||false|false&#8221; border_radii_portrait=&#8221;on|0px|0px|0px|0px&#8221; border_color_all_portrait=&#8221;#ffffff&#8221; border_style_all_portrait=&#8221;none&#8221; box_shadow_style=&#8221;preset1&#8243;]<\/p>\n<p>\u00ab La transition vers une \u00e9conomie circulaire vise \u00e0 d\u00e9passer le mod\u00e8le \u00e9conomique lin\u00e9aire consistant \u00e0 extraire, fabriquer, consommer et jeter en appelant \u00e0 une consommation sobre et responsable des ressources naturelles et des mati\u00e8res premi\u00e8res primaires ainsi que, par ordre de priorit\u00e9, \u00e0 la pr\u00e9vention de la production de d\u00e9chets, notamment par le r\u00e9emploi des produits, et, suivant la hi\u00e9rarchie des modes de traitement des d\u00e9chets, \u00e0 une r\u00e9utilisation, \u00e0 un recyclage ou, \u00e0 d\u00e9faut, \u00e0 une valorisation des d\u00e9chets. \u00bb<\/p>\n<p>[\/et_pb_testimonial][\/et_pb_column][\/et_pb_row][et_pb_row column_structure=&#8221;2_3,1_3&#8243; _builder_version=&#8221;4.6.6&#8243; _module_preset=&#8221;default&#8221;][et_pb_column type=&#8221;2_3&#8243; _builder_version=&#8221;4.6.6&#8243; _module_preset=&#8221;default&#8221;][et_pb_testimonial author=&#8221;Christian Arnsperger (\u00e9conomiste) et Dominique Bourg (philosophe) &#8211; 2017, p. 48 &#8221; portrait_url=&#8221;https:\/\/www.bm3c2.fr\/bm3c2\/wp-content\/uploads\/2020\/10\/definition.png&#8221; quote_icon_color=&#8221;#e07366&#8243; quote_icon_background_color=&#8221;#ffffff&#8221; portrait_width=&#8221;113px&#8221; portrait_height=&#8221;91px&#8221; _builder_version=&#8221;4.6.6&#8243; body_font=&#8221;|600|||||||&#8221; body_text_color=&#8221;#ffffff&#8221; body_font_size=&#8221;16px&#8221; author_font=&#8221;||||||||&#8221; author_text_align=&#8221;right&#8221; background_color=&#8221;#002342&#8243; custom_margin=&#8221;||48px|3px||&#8221; custom_padding=&#8221;60px||||false|false&#8221; hover_enabled=&#8221;0&#8243; border_radii_portrait=&#8221;on|0px|0px|0px|0px&#8221; border_color_all_portrait=&#8221;#ffffff&#8221; border_style_all_portrait=&#8221;none&#8221; box_shadow_style=&#8221;preset1&#8243; sticky_enabled=&#8221;0&#8243;]<\/p>\n<p><strong>\u00a0\u00ab L\u2019objectif de l\u2019\u00e9conomie circulaire \u2013 dans son enti\u00e8re acception &#8211; est la pr\u00e9servation de la biosph\u00e8re afin d\u2019en maintenir la viabilit\u00e9, pour l\u2019esp\u00e8ce humaine au premier chef.\u00a0\u00bb<\/strong><\/p>\n<p>[\/et_pb_testimonial][\/et_pb_column][et_pb_column type=&#8221;1_3&#8243; _builder_version=&#8221;4.6.6&#8243; _module_preset=&#8221;default&#8221;][et_pb_image src=&#8221;https:\/\/www.bm3c2.fr\/bm3c2\/wp-content\/uploads\/2020\/10\/ide\u0301e_ampoule-eco-157&#215;300.png&#8221; title_text=&#8221;ide\u0301e_ampoule-eco&#8221; align=&#8221;center&#8221; _builder_version=&#8221;4.6.6&#8243; _module_preset=&#8221;default&#8221; width=&#8221;35%&#8221; max_width=&#8221;12%&#8221;][\/et_pb_image][et_pb_text _builder_version=&#8221;4.6.6&#8243; _module_preset=&#8221;default&#8221; text_text_color=&#8221;#14253d&#8221; custom_margin=&#8221;3px|||||&#8221;]<\/p>\n<p><strong>Certains auteurs ont une vision \u00e9co-centrique et plus radicale en consid\u00e9rant que la transition \u00e9cologique doit pr\u00e9parer un avenir commun aussi bien aux \u00eatres humains que non humains, sur la plan\u00e8te aux ressources \ufb01nies.<\/strong><\/p>\n<p>[\/et_pb_text][\/et_pb_column][\/et_pb_row][et_pb_row _builder_version=&#8221;4.6.6&#8243; _module_preset=&#8221;default&#8221;][et_pb_column type=&#8221;4_4&#8243; _builder_version=&#8221;4.6.6&#8243; _module_preset=&#8221;default&#8221;][et_pb_text _builder_version=&#8221;4.6.6&#8243; header_font=&#8221;Boogaloo||||||||&#8221; header_text_color=&#8221;#bc1900&#8243; header_font_size=&#8221;40px&#8221; header_2_font=&#8221;Boogaloo||||||||&#8221; header_2_text_color=&#8221;#002342&#8243; header_2_font_size=&#8221;32px&#8221; header_3_font=&#8221;Boogaloo||||||||&#8221; header_3_text_color=&#8221;#bc1900&#8243; header_3_font_size=&#8221;29px&#8221; custom_margin=&#8221;32px|||||&#8221; hover_enabled=&#8221;0&#8243; sticky_enabled=&#8221;0&#8243;]<\/p>\n<h3>De l&#8217;\u00e9conomie lin\u00e9aire \u00e0 l&#8217;\u00e9conomie circulaire<\/h3>\n<p>&nbsp;<\/p>\n<p>L&#8217;\u00e9conomie lin\u00e9aire n&#8217;est pas viable \u00e0 long terme. Elle m\u00e8ne \u00e0 l&#8217;\u00e9puisement des ressources non renouvelables et \u00e0 l&#8217;accumulation de d\u00e9chets.<\/p>\n<p><span style=\"font-weight: 400;\">En refermant des boucles, les flux de produits, de mati\u00e8res et d\u2019autres ressources peuvent \u00eatre utilis\u00e9s \u00e0 nouveau dans le syst\u00e8me de production-distribution-consommation. Leur valeur est maintenue aussi longtemps que possible. La dur\u00e9e de vie des produits et des mat\u00e9riaux est ainsi allong\u00e9e et l\u2019efficience de leur usage augment\u00e9e. Les d\u00e9chets sont transform\u00e9s en nutriments ce qui restaure la valeur qu\u2019ils avaient perdue en \u00e9conomie lin\u00e9aire.<\/span><\/p>\n<p>L&#8217;\u00e9conomie circulaire vise la <span style=\"font-weight: 400;\">recirculation des ressources, la minimisation de leur demande et le maintien ou la r\u00e9cup\u00e9ration de la valeur des produits en fin de vie.<\/span><\/p>\n<p>Afin de maintenir au mieux la valeur des ressources dans les boucles, diverses strat\u00e9gies, dites des \u00ab 10R \u00bb, sont possibles. Dans un ordre d\u00e9croissant de circularit\u00e9 : \u00a0Refuser, Repenser, R\u00e9duire, R\u00e9employer \/ Revendre, R\u00e9parer, R\u00e9nover, Refabriquer, Reconvertir \/ Red\u00e9finir, Recycler, R\u00e9cup\u00e9rer (de l&#8217;\u00e9nergie).<\/p>\n<p>[\/et_pb_text][\/et_pb_column][\/et_pb_row][et_pb_row _builder_version=&#8221;4.6.6&#8243; width=&#8221;100%&#8221; max_width=&#8221;1245px&#8221;][et_pb_column type=&#8221;4_4&#8243; _builder_version=&#8221;3.29.3&#8243;][et_pb_gallery gallery_ids=&#8221;105,246&#8243; fullwidth=&#8221;on&#8221; _builder_version=&#8221;4.6.6&#8243; width=&#8221;81%&#8221; module_alignment=&#8221;center&#8221; custom_margin=&#8221;|38px||0px|false|false&#8221; custom_padding=&#8221;||50px||false|false&#8221; hover_enabled=&#8221;0&#8243; sticky_enabled=&#8221;0&#8243;][\/et_pb_gallery][\/et_pb_column][\/et_pb_row][et_pb_row _builder_version=&#8221;3.29.3&#8243;][et_pb_column type=&#8221;4_4&#8243; _builder_version=&#8221;3.29.3&#8243;][et_pb_text _builder_version=&#8221;3.29.3&#8243; header_font=&#8221;Boogaloo||||||||&#8221; header_text_color=&#8221;#bc1900&#8243; header_font_size=&#8221;40px&#8221; header_2_font=&#8221;Boogaloo||||||||&#8221; header_2_text_color=&#8221;#002342&#8243; header_2_font_size=&#8221;32px&#8221; header_3_font=&#8221;Boogaloo||||||||&#8221; header_3_text_color=&#8221;#bc1900&#8243; header_3_font_size=&#8221;29px&#8221; custom_margin=&#8221;56px||10px|||&#8221; hover_enabled=&#8221;0&#8243; sticky_enabled=&#8221;0&#8243;]<\/p>\n<h3>Adopter une approche multi-acteurs et multi-niveaux<\/h3>\n<p>[\/et_pb_text][et_pb_text _builder_version=&#8221;4.6.6&#8243; hover_enabled=&#8221;0&#8243; sticky_enabled=&#8221;0&#8243;]<\/p>\n<p>Int\u00e9grer les enjeux environnementaux et sociaux implique d&#8217;adopter une approche \u00e9cosyst\u00e9mique et de d\u00e9velopper une vision sur le temps long.<\/p>\n<p>Une organisation n&#8217;agit jamais seule sur tout le cycle de vie d&#8217;un produit ou service. Elle doit \u00e0 minima\u00a0prendre en compte ses fournisseurs, ses distributeurs et ses clients, ainsi que la r\u00e8glementation en vigueur. L&#8217;\u00e9conomie circulaire renforce la n\u00e9cessit\u00e9 de collaboration entre de multiples acteurs.<\/p>\n<p>Il est n\u00e9cessaire, pour une production soutenable de biens et services, d&#8217;\u00e9largir sa vision. Au lieu de regarder uniquement les impacts \u00e9conomiques de ses activit\u00e9s, il s&#8217;agit de prendre \u00e9galement en compte ses impacts sociaux et environnementaux \u00e0 diff\u00e9rents niveaux et vis-\u00e0-vis de diff\u00e9rentes parties prenantes.<\/p>\n<p>La transition vers une \u00e9conomie soutenable et circulaire implique de nouveaux modes de vie, des mani\u00e8res diff\u00e9rentes de consommer, de travailler et de distribuer les produits et services.<\/p>\n<p>Cette approche favorise de nombreuses innovations soci\u00e9tales. <span style=\"font-weight: 400;\">L\u2019\u00e9conomie circulaire doit progressivement amener \u00e0 red\u00e9finir l\u2019ensemble du syst\u00e8me de production-distribution-consommation dans la mesure o\u00f9 elle promeut le long terme, une culture de la consommation responsable en parall\u00e8le de la production durable. Au fil des d\u00e9cennies, cela pourrait conduire \u00e0 des changements sociotechniques soutenables c\u2019est-\u00e0-dire \u00e0 des processus de transformation profonde de la soci\u00e9t\u00e9.<br \/><\/span><\/p>\n<p>Pour qu\u2019une transition puisse avoir lieu, il est n\u00e9cessaire que les organisations s\u2019inspirent des trois piliers du d\u00e9veloppement durable\u00a0: la prosp\u00e9rit\u00e9 \u00e9conomique, le bien-\u00eatre des personnes et la pr\u00e9servation de la plan\u00e8te. \u00a0Agir \u00e0 l\u2019intersection de ces trois dimensions n\u2019est toutefois pas suffisant car elles ne sont pas au m\u00eame niveau ni ind\u00e9pendantes l\u2019une de l\u2019autre.<\/p>\n<p>Une authentique transition vers une \u00e9conomie circulaire doit adopter une vision comme celle de l\u2019\u00e9conomiste Ren\u00e9 Passet ou du philosophe Dominique Bourg qui consid\u00e8rent que les activit\u00e9s \u00e9conomiques n\u2019ont de sens que si elles trouvent leur finalit\u00e9 dans le bien-\u00eatre social. Comme les \u00eatres humains sont partie int\u00e9grante de la biosph\u00e8re qui leur est strictement n\u00e9cessaire pour pouvoir vivre, \u00a0ils doivent en respecter les grandes r\u00e9gulations. Ces trois dimensions sont donc en r\u00e9alit\u00e9 emboit\u00e9es les unes dans les autres.<\/p>\n<p>[\/et_pb_text][et_pb_image src=&#8221;https:\/\/www.bm3c2.fr\/bm3c2\/wp-content\/uploads\/2020\/10\/triple-dimension-1.png&#8221; align=&#8221;center&#8221; _builder_version=&#8221;3.29.3&#8243; width=&#8221;65%&#8221;][\/et_pb_image][\/et_pb_column][\/et_pb_row][et_pb_row _builder_version=&#8221;3.29.3&#8243; custom_margin=&#8221;30px|auto||auto||&#8221;][et_pb_column type=&#8221;4_4&#8243; _builder_version=&#8221;3.29.3&#8243;][et_pb_text _builder_version=&#8221;3.29.3&#8243; header_font=&#8221;Boogaloo||||||||&#8221; header_text_color=&#8221;#bc1900&#8243; header_font_size=&#8221;40px&#8221; header_2_font=&#8221;Boogaloo||||||||&#8221; header_2_text_color=&#8221;#002342&#8243; header_2_font_size=&#8221;32px&#8221; header_3_font=&#8221;Boogaloo||||||||&#8221; header_3_text_color=&#8221;#bc1900&#8243; header_3_font_size=&#8221;29px&#8221;]<\/p>\n<h2>Les points clefs de la transition<\/h2>\n<p>[\/et_pb_text][\/et_pb_column][\/et_pb_row][et_pb_row column_structure=&#8221;1_4,1_4,1_4,1_4&#8243; _builder_version=&#8221;3.29.3&#8243; custom_margin=&#8221;31px|auto||auto||&#8221;][et_pb_column type=&#8221;1_4&#8243; _builder_version=&#8221;3.29.3&#8243;][et_pb_blurb title=&#8221;\u00e9co-conception&#8221; use_icon=&#8221;on&#8221; font_icon=&#8221;%%174%%&#8221; icon_color=&#8221;#002342&#8243; use_icon_font_size=&#8221;on&#8221; icon_font_size=&#8221;51px&#8221; _builder_version=&#8221;4.6.6&#8243; header_font=&#8221;|600|||||||&#8221; header_text_align=&#8221;center&#8221; header_text_color=&#8221;#002342&#8243; custom_margin=&#8221;0px||||false|false&#8221;]<\/p>\n<p style=\"text-align: center;\">Prise en compte des questions environnementales d\u00e8s la conception du produit ou service et sur tout son cycle de vie<\/p>\n<p>[\/et_pb_blurb][\/et_pb_column][et_pb_column type=&#8221;1_4&#8243; _builder_version=&#8221;3.29.3&#8243;][et_pb_blurb title=&#8221;nouveaux mod\u00e8les d&#8217;affaires&#8221; url=&#8221;@ET-DC@eyJkeW5hbWljIjp0cnVlLCJjb250ZW50IjoicG9zdF9saW5rX3VybF9wYWdlIiwic2V0dGluZ3MiOnsicG9zdF9pZCI6IjE5MiJ9fQ==@&#8221; image=&#8221;https:\/\/www.bm3c2.fr\/bm3c2\/wp-content\/uploads\/2020\/10\/cadeau_2_rose-300&#215;278.png&#8221; image_max_width=&#8221;31%&#8221; _builder_version=&#8221;4.6.6&#8243; _dynamic_attributes=&#8221;url&#8221; header_font=&#8221;|600|||||||&#8221; header_text_align=&#8221;center&#8221; header_text_color=&#8221;#e57269&#8243; custom_margin=&#8221;-13px||||false|false&#8221;]<\/p>\n<p style=\"text-align: center;\">Nouvelles fa\u00e7ons de produire des valeurs soutenables et nouveaux outils pour en mod\u00e9liser la cr\u00e9ation, la distribution et le partage<\/p>\n<p>[\/et_pb_blurb][\/et_pb_column][et_pb_column type=&#8221;1_4&#8243; _builder_version=&#8221;3.29.3&#8243;][et_pb_blurb title=&#8221;cha\u00eenes logistiques inverses&#8221; use_icon=&#8221;on&#8221; font_icon=&#8221;%%135%%&#8221; icon_color=&#8221;#002342&#8243; use_icon_font_size=&#8221;on&#8221; icon_font_size=&#8221;51px&#8221; _builder_version=&#8221;4.6.6&#8243; header_font=&#8221;|600|||||||&#8221; header_text_align=&#8221;center&#8221; header_text_color=&#8221;#002342&#8243;]<\/p>\n<p style=\"text-align: center;\">R\u00e9introduction dans le syst\u00e8me de production \/ distribution de mati\u00e8res et produits en fin de vie ou fin d&#8217;usage pour cr\u00e9er une nouvelle offre<\/p>\n<p>[\/et_pb_blurb][\/et_pb_column][et_pb_column type=&#8221;1_4&#8243; _builder_version=&#8221;3.29.3&#8243;][et_pb_blurb title=&#8221;conditions favorables&#8221; use_icon=&#8221;on&#8221; font_icon=&#8221;%%277%%&#8221; icon_color=&#8221;#002342&#8243; use_icon_font_size=&#8221;on&#8221; icon_font_size=&#8221;51px&#8221; _builder_version=&#8221;4.6.6&#8243; header_font=&#8221;|600|||||||&#8221; header_text_align=&#8221;center&#8221; header_text_color=&#8221;#002342&#8243;]<\/p>\n<p style=\"text-align: center;\">l\u00e9gislatives, soutien des d\u00e9cideurs, confiance entre acteurs, accompagnement du changement, formation<\/p>\n<p>[\/et_pb_blurb][\/et_pb_column][\/et_pb_row][et_pb_row _builder_version=&#8221;3.29.3&#8243; custom_padding=&#8221;69px||124px|||&#8221;][et_pb_column type=&#8221;4_4&#8243; _builder_version=&#8221;3.29.3&#8243;][et_pb_text _builder_version=&#8221;4.6.6&#8243; text_font_size=&#8221;20px&#8221; header_font=&#8221;Boogaloo||||||||&#8221; header_text_color=&#8221;#bc1900&#8243; header_font_size=&#8221;40px&#8221; header_2_font=&#8221;Boogaloo||||||||&#8221; header_2_text_color=&#8221;#002342&#8243; header_2_font_size=&#8221;32px&#8221; header_3_font=&#8221;Boogaloo||||||||&#8221; header_3_text_color=&#8221;#bc1900&#8243; header_3_font_size=&#8221;29px&#8221;]<\/p>\n<p style=\"text-align: center;\"><strong>Ce site vise \u00e0 proposer un nouvelle matrice pour concevoir des mod\u00e8les d&#8217;affaires soutenables et circulaires <\/strong><\/p>\n<p style=\"text-align: center;\"><strong>et favoriser cette transition<\/strong><\/p>\n<p>[\/et_pb_text][et_pb_button button_url=&#8221;@ET-DC@eyJkeW5hbWljIjp0cnVlLCJjb250ZW50IjoicG9zdF9saW5rX3VybF9wYWdlIiwic2V0dGluZ3MiOnsicG9zdF9pZCI6IjYifX0=@&#8221; button_text=&#8221;En savoir plus sur les mod\u00e8les d&#8217;affaires soutenables et circulaires&#8221; _builder_version=&#8221;4.6.5&#8243; _dynamic_attributes=&#8221;button_url&#8221; button_bg_color=&#8221;#ffffff&#8221; background_layout=&#8221;dark&#8221; custom_margin=&#8221;69px|||||&#8221;][\/et_pb_button][et_pb_button button_url=&#8221;@ET-DC@eyJkeW5hbWljIjp0cnVlLCJjb250ZW50IjoicG9zdF9saW5rX3VybF9wYWdlIiwic2V0dGluZ3MiOnsicG9zdF9pZCI6IjMzIn19@&#8221; button_text=&#8221;d\u00e9couvrir le BM3C2&#8243; _builder_version=&#8221;4.6.5&#8243; _dynamic_attributes=&#8221;button_url&#8221; button_text_color=&#8221;#475b57&#8243; button_bg_color=&#8221;#ffffff&#8221; background_layout=&#8221;dark&#8221; custom_margin=&#8221;69px|||||&#8221;][\/et_pb_button][\/et_pb_column][\/et_pb_row][\/et_pb_section]<\/p>\n","protected":false},"excerpt":{"rendered":"<p>Qu&#8217;est-ce que l&#8217;\u00e9conomie circulaire ?\u00ab La transition vers une \u00e9conomie circulaire vise \u00e0 d\u00e9passer le mod\u00e8le \u00e9conomique lin\u00e9aire consistant \u00e0 extraire, fabriquer, consommer et jeter en appelant \u00e0 une consommation sobre et responsable des ressources naturelles et des mati\u00e8res premi\u00e8res primaires ainsi que, par ordre de priorit\u00e9, \u00e0 la pr\u00e9vention de la production de d\u00e9chets, [&hellip;]<\/p>\n","protected":false},"author":1,"featured_media":0,"parent":0,"menu_order":0,"comment_status":"closed","ping_status":"closed","template":"","meta":{"_et_pb_use_builder":"on","_et_pb_old_content":"","_et_gb_content_width":"","footnotes":""},"class_list":["post-93","page","type-page","status-publish","hentry"],"_links":{"self":[{"href":"https:\/\/www.bm3c2.fr\/index.php\/wp-json\/wp\/v2\/pages\/93","targetHints":{"allow":["GET"]}}],"collection":[{"href":"https:\/\/www.bm3c2.fr\/index.php\/wp-json\/wp\/v2\/pages"}],"about":[{"href":"https:\/\/www.bm3c2.fr\/index.php\/wp-json\/wp\/v2\/types\/page"}],"author":[{"embeddable":true,"href":"https:\/\/www.bm3c2.fr\/index.php\/wp-json\/wp\/v2\/users\/1"}],"replies":[{"embeddable":true,"href":"https:\/\/www.bm3c2.fr\/index.php\/wp-json\/wp\/v2\/comments?post=93"}],"version-history":[{"count":23,"href":"https:\/\/www.bm3c2.fr\/index.php\/wp-json\/wp\/v2\/pages\/93\/revisions"}],"predecessor-version":[{"id":566,"href":"https:\/\/www.bm3c2.fr\/index.php\/wp-json\/wp\/v2\/pages\/93\/revisions\/566"}],"wp:attachment":[{"href":"https:\/\/www.bm3c2.fr\/index.php\/wp-json\/wp\/v2\/media?parent=93"}],"curies":[{"name":"wp","href":"https:\/\/api.w.org\/{rel}","templated":true}]}}