{"id":6,"date":"2020-10-01T10:35:44","date_gmt":"2020-10-01T08:35:44","guid":{"rendered":"http:\/\/www.bm3c2.fr\/?page_id=6"},"modified":"2020-11-27T11:19:00","modified_gmt":"2020-11-27T10:19:00","slug":"modeles-affaires","status":"publish","type":"page","link":"https:\/\/www.bm3c2.fr\/index.php\/modeles-affaires\/","title":{"rendered":"Les mod\u00e8les d&#8217;affaires soutenables et circulaires"},"content":{"rendered":"<p>[et_pb_section fb_built=&#8221;1&#8243; _builder_version=&#8221;4.6.2&#8243; custom_padding=&#8221;62px|||||&#8221;][et_pb_row _builder_version=&#8221;3.29.3&#8243;][et_pb_column type=&#8221;4_4&#8243; _builder_version=&#8221;3.29.3&#8243;][et_pb_text _builder_version=&#8221;4.6.5&#8243; header_font=&#8221;Boogaloo||||||||&#8221; header_text_color=&#8221;#bc1900&#8243; header_font_size=&#8221;40px&#8221; header_2_font=&#8221;Boogaloo||||||||&#8221; header_2_text_color=&#8221;#002342&#8243; header_2_font_size=&#8221;32px&#8221; header_3_font=&#8221;Boogaloo||||||||&#8221; header_3_text_color=&#8221;#bc1900&#8243; header_3_font_size=&#8221;29px&#8221;]<\/p>\n<h1 style=\"text-align: center;\">Les mod\u00e8les d&#8217;affaires soutenables et circulaires<\/h1>\n<p>[\/et_pb_text][et_pb_text _builder_version=&#8221;4.6.6&#8243; header_font=&#8221;Boogaloo||||||||&#8221; header_text_color=&#8221;#bc1900&#8243; header_font_size=&#8221;40px&#8221; header_2_font=&#8221;Boogaloo||||||||&#8221; header_2_text_color=&#8221;#002342&#8243; header_2_font_size=&#8221;32px&#8221; header_3_font=&#8221;Boogaloo||||||||&#8221; header_3_text_color=&#8221;#bc1900&#8243; header_3_font_size=&#8221;29px&#8221; custom_margin=&#8221;||29px|||&#8221; custom_padding=&#8221;29px|||||&#8221;]<\/p>\n<h2>Qu&#8217;est-ce qu&#8217;un mod\u00e8le d&#8217;affaires ?<\/h2>\n<p>[\/et_pb_text][\/et_pb_column][\/et_pb_row][et_pb_row column_structure=&#8221;3_5,2_5&#8243; _builder_version=&#8221;4.6.6&#8243; _module_preset=&#8221;default&#8221;][et_pb_column type=&#8221;3_5&#8243; _builder_version=&#8221;4.6.6&#8243; _module_preset=&#8221;default&#8221;][et_pb_testimonial author=&#8221;Osterwalder &#038; Pigneur, 2011, p.14&#8243; portrait_url=&#8221;https:\/\/www.bm3c2.fr\/bm3c2\/wp-content\/uploads\/2020\/10\/definition.png&#8221; quote_icon_color=&#8221;#e07366&#8243; quote_icon_background_color=&#8221;#ffffff&#8221; portrait_width=&#8221;113px&#8221; portrait_height=&#8221;91px&#8221; _builder_version=&#8221;4.6.6&#8243; body_font=&#8221;|600|||||||&#8221; body_text_color=&#8221;#ffffff&#8221; body_font_size=&#8221;22px&#8221; author_font=&#8221;||||||||&#8221; author_text_align=&#8221;right&#8221; author_font_size=&#8221;13px&#8221; background_color=&#8221;#002342&#8243; custom_margin=&#8221;17px||48px|3px||&#8221; custom_padding=&#8221;60px||||false|false&#8221; border_radii_portrait=&#8221;on|0px|0px|0px|0px&#8221; border_color_all_portrait=&#8221;#ffffff&#8221; border_style_all_portrait=&#8221;none&#8221; box_shadow_style=&#8221;preset1&#8243;]<\/p>\n<h4 style=\"text-align: center;\">\u00ab Un mod\u00e8le \u00e9conomique (ou<em> business model <\/em>) d\u00e9crit les principes selon lesquels une organisation<\/h4>\n<h4 style=\"text-align: center;\">cr\u00e9e, d\u00e9livre et capture de la valeur. \u00bb<\/h4>\n<p>[\/et_pb_testimonial][\/et_pb_column][et_pb_column type=&#8221;2_5&#8243; _builder_version=&#8221;4.6.6&#8243; _module_preset=&#8221;default&#8221;][et_pb_image src=&#8221;https:\/\/www.bm3c2.fr\/bm3c2\/wp-content\/uploads\/2020\/10\/ide\u0301e_ampoule-eco-157&#215;300.png&#8221; title_text=&#8221;ide\u0301e_ampoule-eco&#8221; align=&#8221;center&#8221; _builder_version=&#8221;4.6.6&#8243; _module_preset=&#8221;default&#8221; width=&#8221;10%&#8221; max_width=&#8221;36%&#8221;][\/et_pb_image][et_pb_text _builder_version=&#8221;4.6.6&#8243; _module_preset=&#8221;default&#8221; hover_enabled=&#8221;0&#8243; sticky_enabled=&#8221;0&#8243;]<\/p>\n<p style=\"text-align: center;\"><strong>Dans l&#8217;\u00e9conomie circulaire et collaborative, on peut consid\u00e9rer que l&#8217;id\u00e9e est moins de &#8220;capturer&#8221; de la valeur pour son seul profit, mais plut\u00f4t de la &#8220;partager&#8221; afin de garantir la bonne sant\u00e9 \u00e9conomique, sociale et environnementale du territoire et de la fili\u00e8re, et donc celle de son organisation \u00e0 long terme.<\/strong><\/p>\n<p>[\/et_pb_text][\/et_pb_column][\/et_pb_row][et_pb_row _builder_version=&#8221;3.29.3&#8243; custom_padding=&#8221;17px|||||&#8221;][et_pb_column type=&#8221;4_4&#8243; _builder_version=&#8221;3.29.3&#8243;][et_pb_text _builder_version=&#8221;4.6.6&#8243; header_font=&#8221;Boogaloo||||||||&#8221; header_text_color=&#8221;#bc1900&#8243; header_font_size=&#8221;40px&#8221; header_2_font=&#8221;Boogaloo||||||||&#8221; header_2_text_color=&#8221;#002342&#8243; header_2_font_size=&#8221;32px&#8221; header_3_font=&#8221;Boogaloo||||||||&#8221; header_3_text_color=&#8221;#bc1900&#8243; header_3_font_size=&#8221;29px&#8221; custom_margin=&#8221;23px||29px|||&#8221; custom_padding=&#8221;41px|||||&#8221;]<\/p>\n<h2>Quelle est la place d\u2019un mod\u00e8le d\u2019affaires dans la conception d\u2019un projet ?<\/h2>\n<p>[\/et_pb_text][\/et_pb_column][\/et_pb_row][et_pb_row column_structure=&#8221;1_5,1_5,1_5,1_5,1_5&#8243; _builder_version=&#8221;4.6.5&#8243; _module_preset=&#8221;default&#8221;][et_pb_column type=&#8221;1_5&#8243; _builder_version=&#8221;4.6.5&#8243; _module_preset=&#8221;default&#8221;][et_pb_image src=&#8221;https:\/\/www.bm3c2.fr\/bm3c2\/wp-content\/uploads\/2020\/10\/ide\u0301e_ampoule-eco-157&#215;300.png&#8221; title_text=&#8221;ide\u0301e_ampoule-eco&#8221; _builder_version=&#8221;4.6.5&#8243; _module_preset=&#8221;default&#8221; width=&#8221;32%&#8221; module_alignment=&#8221;center&#8221;][\/et_pb_image][et_pb_text _builder_version=&#8221;4.6.5&#8243; _module_preset=&#8221;default&#8221; text_text_color=&#8221;#475b57&#8243; header_3_text_align=&#8221;center&#8221; header_3_text_color=&#8221;#e57269&#8243; text_orientation=&#8221;center&#8221;]<\/p>\n<h3 class=\"et_pb_module_header\"><span>R\u00e9flexion strat\u00e9gique<\/span><\/h3>\n<h3 class=\"et_pb_module_header\"><span><\/span><\/h3>\n<div class=\"et_pb_blurb_description\">\n<p>d\u00e9finition du projet, r\u00e9flexion autour d\u2019un besoin client identifi\u00e9 ou d\u2019une offre novatrice, analyse de la valeur \u2026<\/p>\n<\/div>\n<p>[\/et_pb_text][\/et_pb_column][et_pb_column type=&#8221;1_5&#8243; _builder_version=&#8221;4.6.5&#8243; _module_preset=&#8221;default&#8221; custom_padding=&#8221;|0px|||false|false&#8221;][et_pb_image src=&#8221;https:\/\/www.bm3c2.fr\/bm3c2\/wp-content\/uploads\/2020\/10\/fle\u0300che.png&#8221; title_text=&#8221;fle\u0300che&#8221; align=&#8221;center&#8221; _builder_version=&#8221;4.6.5&#8243; _module_preset=&#8221;default&#8221; width=&#8221;38%&#8221; custom_margin=&#8221;129px||||false|false&#8221;][\/et_pb_image][\/et_pb_column][et_pb_column type=&#8221;1_5&#8243; _builder_version=&#8221;4.6.5&#8243; _module_preset=&#8221;default&#8221;][et_pb_image src=&#8221;https:\/\/www.bm3c2.fr\/bm3c2\/wp-content\/uploads\/2020\/10\/cadeau_2_rose-300&#215;278.png&#8221; title_text=&#8221;cadeau_2_rose&#8221; _builder_version=&#8221;4.6.5&#8243; _module_preset=&#8221;default&#8221; width=&#8221;55%&#8221; module_alignment=&#8221;center&#8221; custom_margin=&#8221;17px||||false|false&#8221;][\/et_pb_image][et_pb_text _builder_version=&#8221;4.6.5&#8243; _module_preset=&#8221;default&#8221; text_text_color=&#8221;#475b57&#8243; header_2_font=&#8221;|||on|||||&#8221; header_2_text_align=&#8221;center&#8221; header_2_text_color=&#8221;#e57269&#8243; header_2_font_size=&#8221;30px&#8221; header_3_text_align=&#8221;center&#8221; header_3_text_color=&#8221;#e57269&#8243; text_orientation=&#8221;center&#8221;]<\/p>\n<h2 class=\"et_pb_module_header\"><span>Mod\u00e8le d&#8217;affaires<br \/><\/span><\/h2>\n<h3 class=\"et_pb_module_header\"><span><\/span><\/h3>\n<p>[\/et_pb_text][\/et_pb_column][et_pb_column type=&#8221;1_5&#8243; _builder_version=&#8221;4.6.5&#8243; _module_preset=&#8221;default&#8221;][et_pb_image src=&#8221;https:\/\/www.bm3c2.fr\/bm3c2\/wp-content\/uploads\/2020\/10\/fle\u0300che.png&#8221; title_text=&#8221;fle\u0300che&#8221; align=&#8221;center&#8221; _builder_version=&#8221;4.6.5&#8243; _module_preset=&#8221;default&#8221; width=&#8221;38%&#8221; custom_margin=&#8221;129px||||false|false&#8221;][\/et_pb_image][\/et_pb_column][et_pb_column type=&#8221;1_5&#8243; _builder_version=&#8221;4.6.5&#8243; _module_preset=&#8221;default&#8221;][et_pb_image src=&#8221;https:\/\/www.bm3c2.fr\/bm3c2\/wp-content\/uploads\/2020\/10\/euros-300&#215;300.png&#8221; title_text=&#8221;euros&#8221; _builder_version=&#8221;4.6.5&#8243; _module_preset=&#8221;default&#8221; width=&#8221;54%&#8221; module_alignment=&#8221;center&#8221; custom_margin=&#8221;20px||||false|false&#8221;][\/et_pb_image][et_pb_text _builder_version=&#8221;4.6.6&#8243; _module_preset=&#8221;default&#8221; text_text_color=&#8221;#475b57&#8243; header_3_text_align=&#8221;center&#8221; header_3_text_color=&#8221;#e57269&#8243; text_orientation=&#8221;center&#8221;]<\/p>\n<h3 class=\"et_pb_module_header\">Plan d&#8217;affaires<\/h3>\n<p class=\"et_pb_module_header\">\n<p class=\"et_pb_module_header\">budget pr\u00e9visionnel, besoin en fonds de roulement, analyse de la concurrence\u2026<\/p>\n<p>[\/et_pb_text][\/et_pb_column][\/et_pb_row][et_pb_row _builder_version=&#8221;4.6.5&#8243; _module_preset=&#8221;default&#8221;][et_pb_column type=&#8221;4_4&#8243; _builder_version=&#8221;4.6.5&#8243; _module_preset=&#8221;default&#8221;][et_pb_text _builder_version=&#8221;4.6.6&#8243; header_font=&#8221;Boogaloo||||||||&#8221; header_text_color=&#8221;#bc1900&#8243; header_font_size=&#8221;40px&#8221; header_2_font=&#8221;Boogaloo||||||||&#8221; header_2_text_color=&#8221;#002342&#8243; header_2_font_size=&#8221;32px&#8221; header_3_font=&#8221;Boogaloo||||||||&#8221; header_3_text_color=&#8221;#bc1900&#8243; header_3_font_size=&#8221;29px&#8221; custom_margin=&#8221;23px||55px|||&#8221; custom_padding=&#8221;41px|||||&#8221;]<\/p>\n<h2>Quel est le r\u00f4le d&#8217;un mod\u00e8le d&#8217;affaires ?<\/h2>\n<p>(Sources : T\u00e4uscher &amp; Abdelkafi, 2017, p. 160 ; Lecocq et al., 2018, p. 2-3)<\/p>\n<p>[\/et_pb_text][et_pb_text _builder_version=&#8221;4.6.6&#8243; _module_preset=&#8221;default&#8221;]<\/p>\n<h3 style=\"padding-left: 60px;\">&gt;\u00a0 Repr\u00e9sentation strat\u00e9gique<\/h3>\n<p>[\/et_pb_text][\/et_pb_column][\/et_pb_row][et_pb_row column_structure=&#8221;1_3,1_3,1_3&#8243; _builder_version=&#8221;4.6.5&#8243; _module_preset=&#8221;default&#8221;][et_pb_column type=&#8221;1_3&#8243; _builder_version=&#8221;4.6.5&#8243; _module_preset=&#8221;default&#8221;][et_pb_cta title=&#8221;D\u00e9crire&#8221; button_text=&#8221;Clics&#8221; _builder_version=&#8221;4.6.5&#8243; _module_preset=&#8221;default&#8221; custom_padding=&#8221;27px||17px||false|false&#8221;]<\/p>\n<p><span style=\"color: #ffffff;\">de mani\u00e8re simplifi\u00e9e l\u2019articulation des \u00e9l\u00e9ments de la strat\u00e9gie<\/span><\/p>\n<p>[\/et_pb_cta][\/et_pb_column][et_pb_column type=&#8221;1_3&#8243; _builder_version=&#8221;4.6.5&#8243; _module_preset=&#8221;default&#8221;][et_pb_cta title=&#8221;Faire comprendre&#8221; button_text=&#8221;Clics&#8221; _builder_version=&#8221;4.6.6&#8243; _module_preset=&#8221;default&#8221; custom_padding=&#8221;27px||17px||false|false&#8221;]<\/p>\n<p><span style=\"color: #ffffff;\">les logiques de cr\u00e9ation de valeur et le fonctionnement de l\u2019organisation<\/span><\/p>\n<p>[\/et_pb_cta][\/et_pb_column][et_pb_column type=&#8221;1_3&#8243; _builder_version=&#8221;4.6.5&#8243; _module_preset=&#8221;default&#8221;][et_pb_cta title=&#8221;Identifier&#8221; button_text=&#8221;Clics&#8221; _builder_version=&#8221;4.6.5&#8243; _module_preset=&#8221;default&#8221; custom_padding=&#8221;27px||17px||false|false&#8221;]<\/p>\n<p><span style=\"color: #ffffff;\">les changements et ajustements n\u00e9cessaires<\/span><\/p>\n<p>[\/et_pb_cta][\/et_pb_column][\/et_pb_row][et_pb_row _builder_version=&#8221;4.6.5&#8243; _module_preset=&#8221;default&#8221;][et_pb_column type=&#8221;4_4&#8243; _builder_version=&#8221;4.6.5&#8243; _module_preset=&#8221;default&#8221;][et_pb_text _builder_version=&#8221;4.6.5&#8243; _module_preset=&#8221;default&#8221;]<\/p>\n<h3 style=\"padding-left: 60px;\">&gt;\u00a0 Construction de projets<\/h3>\n<p>[\/et_pb_text][\/et_pb_column][\/et_pb_row][et_pb_row column_structure=&#8221;1_2,1_2&#8243; _builder_version=&#8221;4.6.5&#8243; _module_preset=&#8221;default&#8221;][et_pb_column type=&#8221;1_2&#8243; _builder_version=&#8221;4.6.5&#8243; _module_preset=&#8221;default&#8221;][et_pb_cta title=&#8221;Explorer&#8221; button_text=&#8221;Clics&#8221; _builder_version=&#8221;4.6.5&#8243; _module_preset=&#8221;default&#8221; header_font_size=&#8221;23px&#8221; custom_padding=&#8221;27px||17px||false|false&#8221;]<\/p>\n<p><span style=\"color: #ffffff;\">et stimuler la cr\u00e9ativit\u00e9 et l\u2019innovation<\/span><\/p>\n<p>[\/et_pb_cta][\/et_pb_column][et_pb_column type=&#8221;1_2&#8243; _builder_version=&#8221;4.6.5&#8243; _module_preset=&#8221;default&#8221;][et_pb_cta title=&#8221;Organiser et nourrir&#8221; button_text=&#8221;Clics&#8221; _builder_version=&#8221;4.6.5&#8243; _module_preset=&#8221;default&#8221; header_font_size=&#8221;23px&#8221; custom_padding=&#8221;27px||17px||false|false&#8221;]<\/p>\n<p><span style=\"color: #ffffff;\">la r\u00e9flexion<br \/> <\/span><\/p>\n<p>[\/et_pb_cta][\/et_pb_column][\/et_pb_row][et_pb_row _builder_version=&#8221;4.6.5&#8243; _module_preset=&#8221;default&#8221;][et_pb_column type=&#8221;4_4&#8243; _builder_version=&#8221;4.6.5&#8243; _module_preset=&#8221;default&#8221;][et_pb_text _builder_version=&#8221;4.6.5&#8243; _module_preset=&#8221;default&#8221;]<\/p>\n<h3 style=\"padding-left: 60px;\">&gt;\u00a0Socialisation<\/h3>\n<p>[\/et_pb_text][\/et_pb_column][\/et_pb_row][et_pb_row column_structure=&#8221;1_3,1_3,1_3&#8243; _builder_version=&#8221;4.6.5&#8243; _module_preset=&#8221;default&#8221;][et_pb_column type=&#8221;1_3&#8243; _builder_version=&#8221;4.6.5&#8243; _module_preset=&#8221;default&#8221;][et_pb_cta title=&#8221;Partager&#8221; button_text=&#8221;Clics&#8221; _builder_version=&#8221;4.6.5&#8243; _module_preset=&#8221;default&#8221; custom_padding=&#8221;31px||39px||false|false&#8221;]<\/p>\n<p><span style=\"color: #ffffff;\">un langage commun<br \/> <\/span><\/p>\n<p>[\/et_pb_cta][\/et_pb_column][et_pb_column type=&#8221;1_3&#8243; _builder_version=&#8221;4.6.5&#8243; _module_preset=&#8221;default&#8221;][et_pb_cta title=&#8221;Comparer&#8221; button_text=&#8221;Clics&#8221; _builder_version=&#8221;4.6.5&#8243; _module_preset=&#8221;default&#8221; custom_padding=&#8221;27px||17px||false|false&#8221;]<\/p>\n<p><span style=\"color: #ffffff;\">facilement plusieurs projets ou organisations<br \/><\/span><\/p>\n<p>[\/et_pb_cta][\/et_pb_column][et_pb_column type=&#8221;1_3&#8243; _builder_version=&#8221;4.6.5&#8243; _module_preset=&#8221;default&#8221;][et_pb_cta title=&#8221;Faire \u00e9merger&#8221; button_text=&#8221;Clics&#8221; _builder_version=&#8221;4.6.5&#8243; _module_preset=&#8221;default&#8221; custom_padding=&#8221;34px||35px||false|false&#8221;]<\/p>\n<p><span style=\"color: #ffffff;\">une culture commune<br \/> <\/span><\/p>\n<p>[\/et_pb_cta][\/et_pb_column][\/et_pb_row][et_pb_row _builder_version=&#8221;4.6.5&#8243; _module_preset=&#8221;default&#8221;][et_pb_column type=&#8221;4_4&#8243; _builder_version=&#8221;4.6.5&#8243; _module_preset=&#8221;default&#8221;][et_pb_text _builder_version=&#8221;4.6.5&#8243; _module_preset=&#8221;default&#8221;]<\/p>\n<h3 style=\"padding-left: 60px;\">&gt;\u00a0 Pratique strat\u00e9gique<\/h3>\n<p>[\/et_pb_text][\/et_pb_column][\/et_pb_row][et_pb_row column_structure=&#8221;1_5,3_5,1_5&#8243; _builder_version=&#8221;4.6.5&#8243; _module_preset=&#8221;default&#8221;][et_pb_column type=&#8221;1_5&#8243; _builder_version=&#8221;4.6.5&#8243; _module_preset=&#8221;default&#8221;][\/et_pb_column][et_pb_column type=&#8221;3_5&#8243; _builder_version=&#8221;4.6.5&#8243; _module_preset=&#8221;default&#8221;][et_pb_cta title=&#8221;Accompagner&#8221; button_text=&#8221;Clics&#8221; _builder_version=&#8221;4.6.6&#8243; _module_preset=&#8221;default&#8221; custom_padding=&#8221;27px||17px||false|false&#8221;]<span style=\"color: #ffffff;\">le processus de cr\u00e9ation et captation de valeur<br \/>\n<\/span>[\/et_pb_cta][\/et_pb_column][et_pb_column type=&#8221;1_5&#8243; _builder_version=&#8221;4.6.5&#8243; _module_preset=&#8221;default&#8221;][\/et_pb_column][\/et_pb_row][et_pb_row _builder_version=&#8221;4.6.5&#8243; _module_preset=&#8221;default&#8221; custom_padding=&#8221;||84px|||&#8221;][et_pb_column type=&#8221;4_4&#8243; _builder_version=&#8221;4.6.5&#8243; _module_preset=&#8221;default&#8221;][et_pb_text _builder_version=&#8221;4.6.5&#8243; header_font=&#8221;Boogaloo||||||||&#8221; header_text_color=&#8221;#bc1900&#8243; header_font_size=&#8221;40px&#8221; header_2_font=&#8221;Boogaloo||||||||&#8221; header_2_text_color=&#8221;#002342&#8243; header_2_font_size=&#8221;32px&#8221; header_3_font=&#8221;Boogaloo||||||||&#8221; header_3_text_color=&#8221;#bc1900&#8243; header_3_font_size=&#8221;29px&#8221; custom_margin=&#8221;23px||29px|||&#8221; custom_padding=&#8221;53px|||||&#8221;]<\/p>\n<h2>Qu&#8217;est-ce que la valeur ?<\/h2>\n<p>[\/et_pb_text][et_pb_text _builder_version=&#8221;4.6.6&#8243; _module_preset=&#8221;default&#8221; custom_margin=&#8221;||71px|||&#8221;]<\/p>\n<p>La notion de valeur est une notion centrale qui fait l\u2019objet d\u2019une abondante litt\u00e9rature. Elle est transversale \u00e0 de nombreuses disciplines comme la conception de produits ou de services nouveaux, le management de l\u2019innovation, la strat\u00e9gie, le marketing\u2026 et donc aussi les mod\u00e8les d\u2019affaires. La d\u00e9finition ci-dessous est issue d\u2019une m\u00e9thodologie, \u00e0 l&#8217;origine de conception de produits, intitul\u00e9e <em>management par la valeur<\/em>. Cette m\u00e9thode est particuli\u00e8rement int\u00e9ressante pour l\u2019\u00e9conomie circulaire parce que le raisonnement qu\u2019elle requiert est orient\u00e9 par les services que doit rendre le produit \u00e0 concevoir (les fonctions) \u00e0 toutes les parties prenantes concern\u00e9es par ce produit durant tout son cycle de vie.<\/p>\n<p>[\/et_pb_text][et_pb_testimonial author=&#8221;EN 12973 : 2000&#8243; portrait_url=&#8221;https:\/\/www.bm3c2.fr\/bm3c2\/wp-content\/uploads\/2020\/10\/definition.png&#8221; quote_icon_color=&#8221;#e07366&#8243; quote_icon_background_color=&#8221;#ffffff&#8221; portrait_width=&#8221;113px&#8221; portrait_height=&#8221;91px&#8221; _builder_version=&#8221;4.6.6&#8243; body_font=&#8221;||||||||&#8221; body_text_color=&#8221;#ffffff&#8221; body_font_size=&#8221;23px&#8221; author_font=&#8221;||||||||&#8221; author_text_align=&#8221;right&#8221; author_font_size=&#8221;13px&#8221; background_color=&#8221;#002342&#8243; custom_margin=&#8221;||48px|3px||&#8221; custom_padding=&#8221;60px||||false|false&#8221; border_radii_portrait=&#8221;on|0px|0px|0px|0px&#8221; border_color_all_portrait=&#8221;#ffffff&#8221; border_style_all_portrait=&#8221;none&#8221; box_shadow_style=&#8221;preset1&#8243;]<\/p>\n<h4>&#8220;La valeur est la relation entre la satisfaction du besoin des parties prenantes et les ressources utilis\u00e9es pour atteindre cette satisfaction.&#8221;<\/h4>\n<p>[\/et_pb_testimonial][et_pb_text _builder_version=&#8221;4.6.6&#8243; _module_preset=&#8221;default&#8221;]<\/p>\n<p>La satisfaction des besoins peut \u00eatre caract\u00e9ris\u00e9e par diff\u00e9rents attributs de valeur (fonctionnels, sociaux, esth\u00e9tiques, etc.). Les ressources utilis\u00e9es par les organisations, pour y r\u00e9pondre, peuvent \u00e9galement \u00eatre vari\u00e9es (temps, argent, mati\u00e8res premi\u00e8res, moyens de production, etc.). Certains attributs de valeur concernent plus sp\u00e9cifiquement des dimensions environnementales et sociales (respectivement en vert et orange dans le sch\u00e9ma ci-dessous). Int\u00e9grer ces attributs et ces ressources dans la conception de sa proposition de valeur contribue \u00e0 une offre plus soutenable.<\/p>\n<p>[\/et_pb_text][et_pb_image src=&#8221;https:\/\/www.bm3c2.fr\/bm3c2\/wp-content\/uploads\/2020\/11\/attributs-valeur.png&#8221; title_text=&#8221;attributs-valeur&#8221; align=&#8221;center&#8221; _builder_version=&#8221;4.6.6&#8243; _module_preset=&#8221;default&#8221;][\/et_pb_image][et_pb_text _builder_version=&#8221;4.6.5&#8243; header_font=&#8221;Boogaloo||||||||&#8221; header_text_color=&#8221;#bc1900&#8243; header_font_size=&#8221;40px&#8221; header_2_font=&#8221;Boogaloo||||||||&#8221; header_2_text_color=&#8221;#002342&#8243; header_2_font_size=&#8221;32px&#8221; header_3_font=&#8221;Boogaloo||||||||&#8221; header_3_text_color=&#8221;#bc1900&#8243; header_3_font_size=&#8221;29px&#8221; custom_margin=&#8221;23px||56px|||&#8221; custom_padding=&#8221;41px|||||&#8221;]<\/p>\n<h2>Qu&#8217;apportent les mod\u00e8les d&#8217;affaires soutenables et circulaires ?<\/h2>\n<p>[\/et_pb_text][et_pb_text _builder_version=&#8221;4.6.5&#8243; _module_preset=&#8221;default&#8221;]<\/p>\n<p>Interconnect\u00e9s par nature, ils requi\u00e8rent la collaboration, la communication et la coordination d\u2019acteurs interd\u00e9pendants dans des r\u00e9seaux complexes. Une fois ces conditions acquises, ils permettent un renforcement mutuel des mod\u00e8les d&#8217;affaires des organisations qui collaborent et un b\u00e9n\u00e9fice de leurs actions d\u00e9multipli\u00e9 \u00e0 l&#8217;\u00e9chelle d&#8217;un territoire, d&#8217;un r\u00e9seau ou d&#8217;une fili\u00e8re, tant sur le plan \u00e9conomique que social et environnemental.<\/p>\n<p>[\/et_pb_text][et_pb_image src=&#8221;https:\/\/www.bm3c2.fr\/bm3c2\/wp-content\/uploads\/2020\/11\/schema-BM-soutenables-et-circulaires_VF-scaled.jpg&#8221; title_text=&#8221;schema-BM-soutenables-et-circulaires_VF&#8221; align=&#8221;center&#8221; _builder_version=&#8221;4.6.6&#8243; _module_preset=&#8221;default&#8221; custom_margin=&#8221;55px|||||&#8221;][\/et_pb_image][\/et_pb_column][\/et_pb_row][et_pb_row _builder_version=&#8221;4.6.5&#8243; _module_preset=&#8221;default&#8221;][et_pb_column type=&#8221;4_4&#8243; _builder_version=&#8221;4.6.5&#8243; _module_preset=&#8221;default&#8221;][et_pb_button button_url=&#8221;@ET-DC@eyJkeW5hbWljIjp0cnVlLCJjb250ZW50IjoicG9zdF9saW5rX3VybF9wYWdlIiwic2V0dGluZ3MiOnsicG9zdF9pZCI6IjMzIn19@&#8221; button_text=&#8221;D\u00e9couvrir le BM3C2&#8243; _builder_version=&#8221;4.6.5&#8243; _dynamic_attributes=&#8221;button_url&#8221; _module_preset=&#8221;default&#8221;][\/et_pb_button][\/et_pb_column][\/et_pb_row][\/et_pb_section]<\/p>\n","protected":false},"excerpt":{"rendered":"<p>Les mod\u00e8les d&#8217;affaires soutenables et circulairesQu&#8217;est-ce qu&#8217;un mod\u00e8le d&#8217;affaires ?\u00ab Un mod\u00e8le \u00e9conomique (ou business model ) d\u00e9crit les principes selon lesquels une organisation cr\u00e9e, d\u00e9livre et capture de la valeur. \u00bbDans l&#8217;\u00e9conomie circulaire et collaborative, on peut consid\u00e9rer que l&#8217;id\u00e9e est moins de &#8220;capturer&#8221; de la valeur pour son seul profit, mais plut\u00f4t de [&hellip;]<\/p>\n","protected":false},"author":1,"featured_media":0,"parent":0,"menu_order":0,"comment_status":"closed","ping_status":"closed","template":"","meta":{"_et_pb_use_builder":"on","_et_pb_old_content":"","_et_gb_content_width":"","footnotes":""},"class_list":["post-6","page","type-page","status-publish","hentry"],"_links":{"self":[{"href":"https:\/\/www.bm3c2.fr\/index.php\/wp-json\/wp\/v2\/pages\/6","targetHints":{"allow":["GET"]}}],"collection":[{"href":"https:\/\/www.bm3c2.fr\/index.php\/wp-json\/wp\/v2\/pages"}],"about":[{"href":"https:\/\/www.bm3c2.fr\/index.php\/wp-json\/wp\/v2\/types\/page"}],"author":[{"embeddable":true,"href":"https:\/\/www.bm3c2.fr\/index.php\/wp-json\/wp\/v2\/users\/1"}],"replies":[{"embeddable":true,"href":"https:\/\/www.bm3c2.fr\/index.php\/wp-json\/wp\/v2\/comments?post=6"}],"version-history":[{"count":47,"href":"https:\/\/www.bm3c2.fr\/index.php\/wp-json\/wp\/v2\/pages\/6\/revisions"}],"predecessor-version":[{"id":650,"href":"https:\/\/www.bm3c2.fr\/index.php\/wp-json\/wp\/v2\/pages\/6\/revisions\/650"}],"wp:attachment":[{"href":"https:\/\/www.bm3c2.fr\/index.php\/wp-json\/wp\/v2\/media?parent=6"}],"curies":[{"name":"wp","href":"https:\/\/api.w.org\/{rel}","templated":true}]}}