{"id":36,"date":"2020-10-01T10:50:28","date_gmt":"2020-10-01T08:50:28","guid":{"rendered":"http:\/\/www.bm3c2.fr\/?page_id=36"},"modified":"2022-03-31T09:06:31","modified_gmt":"2022-03-31T07:06:31","slug":"le-projet","status":"publish","type":"page","link":"https:\/\/www.bm3c2.fr\/index.php\/le-projet\/","title":{"rendered":"Le projet BM3C2"},"content":{"rendered":"<p>[et_pb_section fb_built=&#8221;1&#8243; _builder_version=&#8221;3.29.3&#8243; custom_padding=&#8221;||110px|||&#8221; global_colors_info=&#8221;{}&#8221;][et_pb_row _builder_version=&#8221;3.29.3&#8243; global_colors_info=&#8221;{}&#8221;][et_pb_column type=&#8221;4_4&#8243; _builder_version=&#8221;3.29.3&#8243; global_colors_info=&#8221;{}&#8221;][et_pb_text _builder_version=&#8221;4.6.6&#8243; header_2_font=&#8221;Boogaloo||||||||&#8221; header_2_text_color=&#8221;#002342&#8243; header_2_font_size=&#8221;33px&#8221; global_colors_info=&#8221;{}&#8221;]<\/p>\n<h2 style=\"text-align: center;\">Un projet de recherche &#8211; accompagnement &#8211; exp\u00e9rimentation &#8211; formation<\/h2>\n<p>[\/et_pb_text][et_pb_text _builder_version=&#8221;4.6.6&#8243; global_colors_info=&#8221;{}&#8221;]<\/p>\n<p>Nous sommes des enseignants-chercheurs et des accompagnateurs de projets qui butions sur une difficult\u00e9 commune : les mod\u00e8les d\u2019affaires existants rendaient difficiles la r\u00e9flexion et la mise en \u0153uvre des principes de l\u2019\u00e9conomie circulaire et mod\u00e9lisaient mal les connexions et les collaborations entre organisations.<\/p>\n<p>Nous avons donc d\u00e9cid\u00e9 de travailler ensemble pour \u00e9laborer une trame qui r\u00e9ponde mieux aux projets soutenables, circulaires et collaboratifs.<\/p>\n<p>Notre travail a port\u00e9 simultan\u00e9ment sur plusieurs axes qui se sont nourris mutuellement : exp\u00e9rimentation, formation, recherche aussi bien en milieu universitaire que professionnel.<\/p>\n<p>Ce projet a re\u00e7u le soutien financier de l\u2019Universit\u00e9 de Nantes dans le cadre de l\u2019appel \u00e0 projet \u00ab\u00a0Fonds d\u2019initiatives p\u00e9dagogiques 2019 \u00bb<\/p>\n<p>Pour plus d&#8217;informations, vous pouvez contacter <strong>jean-claude.boldrini(at)univ-nantes.fr<\/strong> ou <strong>mathilde.elie(at)latitude-creative.fr<\/strong><\/p>\n<p>[\/et_pb_text][\/et_pb_column][\/et_pb_row][et_pb_row _builder_version=&#8221;3.29.3&#8243; global_colors_info=&#8221;{}&#8221;][et_pb_column type=&#8221;4_4&#8243; _builder_version=&#8221;3.29.3&#8243; global_colors_info=&#8221;{}&#8221;][et_pb_image src=&#8221;https:\/\/www.bm3c2.fr\/bm3c2\/wp-content\/uploads\/2020\/10\/projet-FIP.png&#8221; align=&#8221;center&#8221; _builder_version=&#8221;3.29.3&#8243; global_colors_info=&#8221;{}&#8221;][\/et_pb_image][\/et_pb_column][\/et_pb_row][et_pb_row column_structure=&#8221;1_5,1_5,1_5,1_5,1_5&#8243; _builder_version=&#8221;3.29.3&#8243; custom_padding=&#8221;50px|||||&#8221; global_colors_info=&#8221;{}&#8221;][et_pb_column type=&#8221;1_5&#8243; _builder_version=&#8221;3.29.3&#8243; global_colors_info=&#8221;{}&#8221;][et_pb_image src=&#8221;https:\/\/www.bm3c2.fr\/bm3c2\/wp-content\/uploads\/2022\/03\/logo_NU.png&#8221; url=&#8221;https:\/\/www.univ-nantes.fr\/&#8221; url_new_window=&#8221;on&#8221; align=&#8221;center&#8221; _builder_version=&#8221;4.14.5&#8243; width=&#8221;81%&#8221; custom_padding=&#8221;40px||||false|false&#8221; hover_enabled=&#8221;0&#8243; global_colors_info=&#8221;{}&#8221; title_text=&#8221;logo_NU&#8221; sticky_enabled=&#8221;0&#8243;][\/et_pb_image][\/et_pb_column][et_pb_column type=&#8221;1_5&#8243; _builder_version=&#8221;3.29.3&#8243; global_colors_info=&#8221;{}&#8221;][et_pb_image src=&#8221;https:\/\/www.bm3c2.fr\/bm3c2\/wp-content\/uploads\/2020\/10\/Logo-IAE-Nantes-1.jpg&#8221; url=&#8221;https:\/\/iae.univ-nantes.fr\/&#8221; url_new_window=&#8221;on&#8221; align=&#8221;center&#8221; _builder_version=&#8221;4.6.5&#8243; width=&#8221;91%&#8221; global_colors_info=&#8221;{}&#8221;][\/et_pb_image][\/et_pb_column][et_pb_column type=&#8221;1_5&#8243; _builder_version=&#8221;3.29.3&#8243; global_colors_info=&#8221;{}&#8221;][et_pb_image src=&#8221;https:\/\/www.bm3c2.fr\/bm3c2\/wp-content\/uploads\/2020\/10\/Logo-LC-new.png&#8221; url=&#8221;http:\/\/latitude-creative.fr&#8221; url_new_window=&#8221;on&#8221; align=&#8221;center&#8221; _builder_version=&#8221;4.6.5&#8243; width=&#8221;80%&#8221; custom_padding=&#8221;18px||||false|false&#8221; global_colors_info=&#8221;{}&#8221;][\/et_pb_image][\/et_pb_column][et_pb_column type=&#8221;1_5&#8243; _builder_version=&#8221;3.29.3&#8243; global_colors_info=&#8221;{}&#8221;][et_pb_image src=&#8221;https:\/\/www.bm3c2.fr\/bm3c2\/wp-content\/uploads\/2020\/10\/LIME2.png&#8221; url=&#8221;http:\/\/www.linnovationmodedemploi.fr\/wp\/&#8221; url_new_window=&#8221;on&#8221; align=&#8221;center&#8221; _builder_version=&#8221;4.6.5&#8243; width=&#8221;77%&#8221; custom_padding=&#8221;5px||||false|false&#8221; global_colors_info=&#8221;{}&#8221;][\/et_pb_image][\/et_pb_column][et_pb_column type=&#8221;1_5&#8243; _builder_version=&#8221;3.29.3&#8243; global_colors_info=&#8221;{}&#8221;][et_pb_image src=&#8221;https:\/\/www.bm3c2.fr\/bm3c2\/wp-content\/uploads\/2020\/12\/logo-UY-II.jpg&#8221; title_text=&#8221;logo UY II&#8221; url=&#8221;https:\/\/www.univ-yaounde2.org\/&#8221; url_new_window=&#8221;on&#8221; align=&#8221;center&#8221; _builder_version=&#8221;4.6.6&#8243; width=&#8221;51%&#8221; custom_margin=&#8221;13px||||false|false&#8221; global_colors_info=&#8221;{}&#8221;][\/et_pb_image][\/et_pb_column][\/et_pb_row][et_pb_row _builder_version=&#8221;4.6.6&#8243; _module_preset=&#8221;default&#8221; global_colors_info=&#8221;{}&#8221;][et_pb_column type=&#8221;4_4&#8243; _builder_version=&#8221;4.6.6&#8243; _module_preset=&#8221;default&#8221; global_colors_info=&#8221;{}&#8221;][et_pb_button button_url=&#8221;https:\/\/www.dailymotion.com\/video\/x7wmjjl&#8221; url_new_window=&#8221;on&#8221; button_text=&#8221;D\u00e9couvrir le projet en vid\u00e9o&#8221; _builder_version=&#8221;4.6.6&#8243; _module_preset=&#8221;default&#8221; global_colors_info=&#8221;{}&#8221;][\/et_pb_button][\/et_pb_column][\/et_pb_row][\/et_pb_section]<\/p>\n","protected":false},"excerpt":{"rendered":"<p>Un projet de recherche &#8211; accompagnement &#8211; exp\u00e9rimentation &#8211; formationNous sommes des enseignants-chercheurs et des accompagnateurs de projets qui butions sur une difficult\u00e9 commune : les mod\u00e8les d\u2019affaires existants rendaient difficiles la r\u00e9flexion et la mise en \u0153uvre des principes de l\u2019\u00e9conomie circulaire et mod\u00e9lisaient mal les connexions et les collaborations entre organisations. Nous avons [&hellip;]<\/p>\n","protected":false},"author":1,"featured_media":0,"parent":0,"menu_order":0,"comment_status":"closed","ping_status":"closed","template":"","meta":{"_et_pb_use_builder":"on","_et_pb_old_content":"","_et_gb_content_width":"","footnotes":""},"class_list":["post-36","page","type-page","status-publish","hentry"],"_links":{"self":[{"href":"https:\/\/www.bm3c2.fr\/index.php\/wp-json\/wp\/v2\/pages\/36","targetHints":{"allow":["GET"]}}],"collection":[{"href":"https:\/\/www.bm3c2.fr\/index.php\/wp-json\/wp\/v2\/pages"}],"about":[{"href":"https:\/\/www.bm3c2.fr\/index.php\/wp-json\/wp\/v2\/types\/page"}],"author":[{"embeddable":true,"href":"https:\/\/www.bm3c2.fr\/index.php\/wp-json\/wp\/v2\/users\/1"}],"replies":[{"embeddable":true,"href":"https:\/\/www.bm3c2.fr\/index.php\/wp-json\/wp\/v2\/comments?post=36"}],"version-history":[{"count":11,"href":"https:\/\/www.bm3c2.fr\/index.php\/wp-json\/wp\/v2\/pages\/36\/revisions"}],"predecessor-version":[{"id":856,"href":"https:\/\/www.bm3c2.fr\/index.php\/wp-json\/wp\/v2\/pages\/36\/revisions\/856"}],"wp:attachment":[{"href":"https:\/\/www.bm3c2.fr\/index.php\/wp-json\/wp\/v2\/media?parent=36"}],"curies":[{"name":"wp","href":"https:\/\/api.w.org\/{rel}","templated":true}]}}