{"id":200,"date":"2020-10-09T13:31:00","date_gmt":"2020-10-09T11:31:00","guid":{"rendered":"http:\/\/www.bm3c2.fr\/?page_id=200"},"modified":"2026-03-14T09:43:08","modified_gmt":"2026-03-14T08:43:08","slug":"guides-pratiques","status":"publish","type":"page","link":"https:\/\/www.bm3c2.fr\/index.php\/guides-pratiques\/","title":{"rendered":"Guides pratiques"},"content":{"rendered":"<p>[et_pb_section fb_built=&#8221;1&#8243; _builder_version=&#8221;4.16&#8243; _module_preset=&#8221;default&#8221; custom_padding=&#8221;||127px|||&#8221; global_colors_info=&#8221;{}&#8221;][et_pb_row _builder_version=&#8221;4.16&#8243; _module_preset=&#8221;default&#8221; global_colors_info=&#8221;{}&#8221;][et_pb_column type=&#8221;4_4&#8243; _builder_version=&#8221;4.16&#8243; _module_preset=&#8221;default&#8221; global_colors_info=&#8221;{}&#8221;][et_pb_text _builder_version=&#8221;4.16&#8243; _module_preset=&#8221;default&#8221; custom_margin=&#8221;45px|||||&#8221; global_colors_info=&#8221;{}&#8221;]<\/p>\n<h1 style=\"text-align: center;\">Guides pratiques<\/h1>\n<p>&nbsp;<\/p>\n<p>[\/et_pb_text][\/et_pb_column][\/et_pb_row][et_pb_row column_structure=&#8221;1_2,1_2&#8243; _builder_version=&#8221;4.16&#8243; _module_preset=&#8221;default&#8221; custom_margin=&#8221;28px|auto||auto||&#8221; custom_padding=&#8221;6px|||||&#8221; global_colors_info=&#8221;{}&#8221;][et_pb_column type=&#8221;1_2&#8243; _builder_version=&#8221;4.16&#8243; _module_preset=&#8221;default&#8221; global_colors_info=&#8221;{}&#8221;][et_pb_image src=&#8221;https:\/\/www.bm3c2.fr\/bm3c2\/wp-content\/uploads\/2022\/03\/couv_guide-pratique-212&#215;300.jpg&#8221; title_text=&#8221;couv_guide pratique&#8221; url=&#8221;https:\/\/www.bm3c2.fr\/bm3c2\/wp-content\/uploads\/2020\/10\/Guide-animation-pedagogique_BM3C2.pdf&#8221; align=&#8221;center&#8221; _builder_version=&#8221;4.16&#8243; _module_preset=&#8221;default&#8221; width=&#8221;45%&#8221; box_shadow_style=&#8221;preset2&#8243; global_colors_info=&#8221;{}&#8221;][\/et_pb_image][\/et_pb_column][et_pb_column type=&#8221;1_2&#8243; _builder_version=&#8221;4.16&#8243; _module_preset=&#8221;default&#8221; global_colors_info=&#8221;{}&#8221;][et_pb_text _builder_version=&#8221;4.16&#8243; _module_preset=&#8221;default&#8221; global_colors_info=&#8221;{}&#8221;]<\/p>\n<h3><\/h3>\n<h3 style=\"text-align: center;\"><\/h3>\n<h3 style=\"text-align: center;\">Le BM3C2 en pratique <\/h3>\n<p>&nbsp;<\/p>\n<p>pour : les enseignant.e.s, consultant.e.s et accompagnateur.trice.s de projets, les porteurs.euses de projets<\/p>\n<p>[\/et_pb_text][et_pb_button button_url=&#8221;https:\/\/www.bm3c2.fr\/bm3c2\/wp-content\/uploads\/2022\/04\/BM3C2-en-pratique.pdf&#8221; button_text=&#8221;consulter le guide&#8221; _builder_version=&#8221;4.17.1&#8243; _module_preset=&#8221;default&#8221; button_text_color=&#8221;#14253d&#8221; custom_margin=&#8221;58px||||false|false&#8221; custom_padding=&#8221;||||false|false&#8221; global_colors_info=&#8221;{}&#8221;][\/et_pb_button][\/et_pb_column][\/et_pb_row][et_pb_row column_structure=&#8221;1_2,1_2&#8243; _builder_version=&#8221;4.16&#8243; _module_preset=&#8221;default&#8221; custom_margin=&#8221;28px|auto||auto||&#8221; custom_padding=&#8221;6px|||||&#8221; global_colors_info=&#8221;{}&#8221;][et_pb_column type=&#8221;1_2&#8243; _builder_version=&#8221;4.16&#8243; _module_preset=&#8221;default&#8221; global_colors_info=&#8221;{}&#8221;][et_pb_image src=&#8221;https:\/\/www.bm3c2.fr\/bm3c2\/wp-content\/uploads\/2020\/11\/couv-referentiel-couts-et-benefice&#8211;219&#215;300.png&#8221; title_text=&#8221;couv-referentiel couts et benefice&#8221; url=&#8221;https:\/\/www.bm3c2.fr\/bm3c2\/wp-content\/uploads\/2020\/11\/referentiel-couts-et-benefice-eco-soc-envir_V1120.pdf&#8221; align=&#8221;center&#8221; _builder_version=&#8221;4.16&#8243; _module_preset=&#8221;default&#8221; width=&#8221;72%&#8221; box_shadow_style=&#8221;preset2&#8243; global_colors_info=&#8221;{}&#8221;][\/et_pb_image][\/et_pb_column][et_pb_column type=&#8221;1_2&#8243; _builder_version=&#8221;4.16&#8243; _module_preset=&#8221;default&#8221; global_colors_info=&#8221;{}&#8221;][et_pb_text _builder_version=&#8221;4.16&#8243; _module_preset=&#8221;default&#8221; global_colors_info=&#8221;{}&#8221;]<\/p>\n<h3><\/h3>\n<h3 style=\"text-align: center;\"><\/h3>\n<h3 style=\"text-align: center;\">R\u00e9f\u00e9rentiel des co\u00fbts et b\u00e9n\u00e9fices<\/h3>\n<h3 style=\"text-align: center;\">environnementaux, sociaux et \u00e9conomiques<\/h3>\n<p>&nbsp;<\/p>\n<p>pour : les porteur.euse.s de projet, les enseignant.e.s, les consultant.e.s et les accompagnateur.trice.s de projets<\/p>\n<p>[\/et_pb_text][et_pb_button button_url=&#8221;https:\/\/www.bm3c2.fr\/bm3c2\/wp-content\/uploads\/2021\/04\/referentiel-couts-et-benefice-eco-soc-envir_V1120.pdf&#8221; button_text=&#8221;consulter le r\u00e9f\u00e9rentiel&#8221; _builder_version=&#8221;4.16&#8243; _module_preset=&#8221;default&#8221; button_text_color=&#8221;#14253d&#8221; custom_margin=&#8221;47px||||false|false&#8221; custom_padding=&#8221;||||false|false&#8221; global_colors_info=&#8221;{}&#8221;][\/et_pb_button][\/et_pb_column][\/et_pb_row][et_pb_row column_structure=&#8221;1_2,1_2&#8243; _builder_version=&#8221;4.16&#8243; _module_preset=&#8221;default&#8221; custom_margin=&#8221;28px|auto||auto||&#8221; custom_padding=&#8221;6px|||||&#8221; global_colors_info=&#8221;{}&#8221;][et_pb_column type=&#8221;1_2&#8243; _builder_version=&#8221;4.16&#8243; _module_preset=&#8221;default&#8221; global_colors_info=&#8221;{}&#8221;][et_pb_image src=&#8221;https:\/\/www.bm3c2.fr\/bm3c2\/wp-content\/uploads\/2020\/10\/couverture_guide_anim.png&#8221; title_text=&#8221;couverture_guide_anim&#8221; url=&#8221;https:\/\/www.bm3c2.fr\/bm3c2\/wp-content\/uploads\/2020\/10\/Guide-animation-pedagogique_BM3C2.pdf&#8221; align=&#8221;center&#8221; _builder_version=&#8221;4.16&#8243; _module_preset=&#8221;default&#8221; width=&#8221;45%&#8221; box_shadow_style=&#8221;preset2&#8243; global_colors_info=&#8221;{}&#8221;][\/et_pb_image][\/et_pb_column][et_pb_column type=&#8221;1_2&#8243; _builder_version=&#8221;4.16&#8243; _module_preset=&#8221;default&#8221; global_colors_info=&#8221;{}&#8221;][et_pb_text _builder_version=&#8221;4.16&#8243; _module_preset=&#8221;default&#8221; global_colors_info=&#8221;{}&#8221;]<\/p>\n<h3><\/h3>\n<h3 style=\"text-align: center;\"><\/h3>\n<h3 style=\"text-align: center;\">Guide d&#8217;animation p\u00e9dagogique<\/h3>\n<p>&nbsp;<\/p>\n<p>pour : les enseignant.e.s, consultant.e.s et accompagnateur.trice.s de projets<\/p>\n<p>[\/et_pb_text][et_pb_button button_url=&#8221;https:\/\/www.bm3c2.fr\/bm3c2\/wp-content\/uploads\/2021\/04\/Guide-animation-pedagogique_VF.pdf&#8221; button_text=&#8221;consulter le guide&#8221; _builder_version=&#8221;4.16&#8243; _module_preset=&#8221;default&#8221; button_text_color=&#8221;#14253d&#8221; custom_margin=&#8221;58px||||false|false&#8221; custom_padding=&#8221;||||false|false&#8221; global_colors_info=&#8221;{}&#8221;][\/et_pb_button][\/et_pb_column][\/et_pb_row][\/et_pb_section]<\/p>\n","protected":false},"excerpt":{"rendered":"<p>Guides pratiques &nbsp; Le BM3C2 en pratique &nbsp; pour : les enseignant.e.s, consultant.e.s et accompagnateur.trice.s de projets, les porteurs.euses de projets R\u00e9f\u00e9rentiel des co\u00fbts et b\u00e9n\u00e9fices environnementaux, sociaux et \u00e9conomiques &nbsp; pour : les porteur.euse.s de projet, les enseignant.e.s, les consultant.e.s et les accompagnateur.trice.s de projets Guide d&#8217;animation p\u00e9dagogique &nbsp; pour : les enseignant.e.s, consultant.e.s [&hellip;]<\/p>\n","protected":false},"author":1,"featured_media":0,"parent":0,"menu_order":0,"comment_status":"closed","ping_status":"closed","template":"","meta":{"_et_pb_use_builder":"on","_et_pb_old_content":"","_et_gb_content_width":"","footnotes":""},"class_list":["post-200","page","type-page","status-publish","hentry"],"_links":{"self":[{"href":"https:\/\/www.bm3c2.fr\/index.php\/wp-json\/wp\/v2\/pages\/200","targetHints":{"allow":["GET"]}}],"collection":[{"href":"https:\/\/www.bm3c2.fr\/index.php\/wp-json\/wp\/v2\/pages"}],"about":[{"href":"https:\/\/www.bm3c2.fr\/index.php\/wp-json\/wp\/v2\/types\/page"}],"author":[{"embeddable":true,"href":"https:\/\/www.bm3c2.fr\/index.php\/wp-json\/wp\/v2\/users\/1"}],"replies":[{"embeddable":true,"href":"https:\/\/www.bm3c2.fr\/index.php\/wp-json\/wp\/v2\/comments?post=200"}],"version-history":[{"count":22,"href":"https:\/\/www.bm3c2.fr\/index.php\/wp-json\/wp\/v2\/pages\/200\/revisions"}],"predecessor-version":[{"id":925,"href":"https:\/\/www.bm3c2.fr\/index.php\/wp-json\/wp\/v2\/pages\/200\/revisions\/925"}],"wp:attachment":[{"href":"https:\/\/www.bm3c2.fr\/index.php\/wp-json\/wp\/v2\/media?parent=200"}],"curies":[{"name":"wp","href":"https:\/\/api.w.org\/{rel}","templated":true}]}}